{"id":2,"date":"2025-06-20T18:42:00","date_gmt":"2025-06-20T16:42:00","guid":{"rendered":"https:\/\/espaces.ecole-sante-numerique.umontpellier.fr\/alumnis\/?page_id=2"},"modified":"2026-01-28T10:35:05","modified_gmt":"2026-01-28T09:35:05","slug":"rechercer-alumni","status":"publish","type":"page","link":"https:\/\/espaces.ecole-sante-numerique.umontpellier.fr\/alumni\/","title":{"rendered":"Rechercher un alumni"},"content":{"rendered":"<section class=\"hero-header\">\r\n    <div class=\"container\">\r\n        <main>\r\n\r\n            <h1 class=\"h-56\"><span><strong>B<\/strong>ienvenue sur l&rsquo;espace <strong>A<\/strong>lumni<\/span>\n<span>de l\u2019<strong>\u00c9<\/strong>cole de <strong>S<\/strong>ant\u00e9<strong> N<\/strong>um\u00e9rique<\/span>\n<\/h1>\r\n            <h2 class=\"t-18\">\r\n                <span>Retrouvez ici l\u2019annuaire des anciens dipl\u00f4m\u00e9s de l\u2019ESNbyUM !<\/span>\n<span>Connectez-vous, cr\u00e9ez votre profil, retrouvez votre ancienne promotion et d\u00e9veloppez votre r\u00e9seau au sein de notre communaut\u00e9 d&rsquo;alumni.<\/span>\n\r\n            <\/h2>\r\n                    <\/main>\r\n                    <picture>\r\n                <img width=\"1024\" height=\"904\" src=\"https:\/\/espaces.ecole-sante-numerique.umontpellier.fr\/app\/uploads\/sites\/3\/2025\/10\/actu-1024x904.webp\" class=\"lcp-image\" alt=\"\" fetchpriority=\"high\" decoding=\"async\" loading=\"eager\" srcset=\"https:\/\/espaces.ecole-sante-numerique.umontpellier.fr\/app\/uploads\/sites\/3\/2025\/10\/actu-1024x904.webp 1024w, https:\/\/espaces.ecole-sante-numerique.umontpellier.fr\/app\/uploads\/sites\/3\/2025\/10\/actu-300x265.webp 300w, https:\/\/espaces.ecole-sante-numerique.umontpellier.fr\/app\/uploads\/sites\/3\/2025\/10\/actu-768x678.webp 768w, https:\/\/espaces.ecole-sante-numerique.umontpellier.fr\/app\/uploads\/sites\/3\/2025\/10\/actu-113x100.webp 113w, https:\/\/espaces.ecole-sante-numerique.umontpellier.fr\/app\/uploads\/sites\/3\/2025\/10\/actu.webp 1200w\" sizes=\"(max-width: 1024px) 100vw, 1024px\" \/>\r\n\r\n            <\/picture>\r\n            <\/div>\r\n<\/section>\r\n\r\n\n\n\n<div class=\"wp-block-columns is-layout-flex wp-container-core-columns-is-layout-9d6595d7 wp-block-columns-is-layout-flex\">\n<div class=\"wp-block-column has-blanc-background-color has-background is-layout-flow wp-block-column-is-layout-flow\"><div class=\"text-container\">\r\n    \r\n    <h2 class=\"heading wp-block-heading decorator\">\r\n        Rejoindre l&rsquo;espace Alumni\r\n        <\/h2>\r\n<\/div>\r\n\n\n<div class=\"text-container\">\r\n    \r\n    <p class=\" \">\r\n        Vous avez un compte UM ?\r\n        <\/p>\r\n<\/div>\r\n\n\n\n<div class=\"wp-block-buttons is-layout-flex wp-block-buttons-is-layout-flex\"><a class=\"button   button--outline\" href=\"https:\/\/espaces.ecole-sante-numerique.umontpellier.fr\/alumni\/loguser\">\r\n        \nConnectez-vous\n\r\n        <span class=\"decoration\">\r\n            <span class=\"line\"><\/span>\r\n            <span class=\"circle\">\r\n            <\/span>\r\n        <\/span>\r\n    <\/a>\r\n<\/div>\n\n\n<div class=\"text-container\">\r\n    \r\n    <p class=\" \">\r\n        \r\n        <\/p>\r\n<\/div>\r\n<\/div>\n\n\n\n<div class=\"wp-block-column is-vertically-aligned-center has-blue-light-background-color has-background is-layout-flow wp-block-column-is-layout-flow\"><div class=\"text-container\">\r\n    \r\n    <h2 class=\"heading wp-block-heading decorator\">\r\n        Contacter un alumni\r\n        <\/h2>\r\n<\/div>\r\n\n\n<div class=\"text-container\">\r\n    \r\n    <p class=\" \">\r\n        Une formation vous int\u00e9resse et vous souhaitez \u00e9changer avec un dipl\u00f4m\u00e9 (alumni) ?\r\n        <\/p>\r\n<\/div>\r\n\n\n<div class=\"text-container\">\r\n    \r\n    <p class=\" \">\r\n        <a href=\"\/orientation\/nous-contacter\/\">Remplissez notre formulaire<\/a>\r\n        <\/p>\r\n<\/div>\r\n<\/div>\n<\/div>\n\n\n<div class=\"text-container\">\r\n    \r\n    <p class=\" \">\r\n        \r\n        <\/p>\r\n<\/div>\r\n","protected":false},"excerpt":{"rendered":"<p>Rejoindre l&rsquo;espace Alumni Vous avez un compte UM ? Contacter un alumni Une formation vous int\u00e9resse et vous souhaitez \u00e9changer avec un dipl\u00f4m\u00e9 (alumni) ? Remplissez notre formulaire<\/p>\n","protected":false},"author":1,"featured_media":0,"parent":0,"menu_order":0,"comment_status":"closed","ping_status":"closed","template":"template-alumnis.blade.php","meta":{"_acf_changed":false,"footnotes":""},"class_list":["post-2","page","type-page","status-publish","hentry"],"acf":[],"yoast_head":"<!-- This site is optimized with the Yoast SEO plugin v27.0 - https:\/\/yoast.com\/product\/yoast-seo-wordpress\/ -->\n<title>Rechercher un alumni sant\u00e9 num\u00e9rique | Espace Alumni ESNbyUM<\/title>\n<meta name=\"description\" content=\"Acc\u00e9dez \u00e0 l\u2019annuaire alumni sant\u00e9 num\u00e9rique de l\u2019ESNbyUM. Recherchez d\u2019anciens \u00e9tudiants, \u00e9changez et d\u00e9veloppez votre r\u00e9seau professionnel \u00e0 Montpellier.\" \/>\n<meta name=\"robots\" content=\"index, follow, max-snippet:-1, max-image-preview:large, max-video-preview:-1\" \/>\n<link rel=\"canonical\" href=\"https:\/\/espaces.ecole-sante-numerique.umontpellier.fr\/alumni\/\" \/>\n<meta property=\"og:locale\" content=\"fr_FR\" \/>\n<meta property=\"og:type\" content=\"article\" \/>\n<meta property=\"og:title\" content=\"Rechercher un alumni sant\u00e9 num\u00e9rique | Espace Alumni ESNbyUM\" \/>\n<meta property=\"og:description\" content=\"Acc\u00e9dez \u00e0 l\u2019annuaire alumni sant\u00e9 num\u00e9rique de l\u2019ESNbyUM. Recherchez d\u2019anciens \u00e9tudiants, \u00e9changez et d\u00e9veloppez votre r\u00e9seau professionnel \u00e0 Montpellier.\" \/>\n<meta property=\"og:url\" content=\"https:\/\/espaces.ecole-sante-numerique.umontpellier.fr\/alumni\/\" \/>\n<meta property=\"og:site_name\" content=\"Espace Alumni\" \/>\n<meta property=\"article:modified_time\" content=\"2026-01-28T09:35:05+00:00\" \/>\n<meta name=\"twitter:card\" content=\"summary_large_image\" \/>\n<meta name=\"twitter:label1\" content=\"Dur\u00e9e de lecture estim\u00e9e\" \/>\n\t<meta name=\"twitter:data1\" content=\"1 minute\" \/>\n<script type=\"application\/ld+json\" class=\"yoast-schema-graph\">{\"@context\":\"https:\/\/schema.org\",\"@graph\":[{\"@type\":\"WebPage\",\"@id\":\"https:\/\/espaces.ecole-sante-numerique.umontpellier.fr\/alumni\/\",\"url\":\"https:\/\/espaces.ecole-sante-numerique.umontpellier.fr\/alumni\/\",\"name\":\"Rechercher un alumni sant\u00e9 num\u00e9rique | Espace Alumni ESNbyUM\",\"isPartOf\":{\"@id\":\"https:\/\/espaces.ecole-sante-numerique.umontpellier.fr\/alumni\/#website\"},\"datePublished\":\"2025-06-20T16:42:00+00:00\",\"dateModified\":\"2026-01-28T09:35:05+00:00\",\"description\":\"Acc\u00e9dez \u00e0 l\u2019annuaire alumni sant\u00e9 num\u00e9rique de l\u2019ESNbyUM. Recherchez d\u2019anciens \u00e9tudiants, \u00e9changez et d\u00e9veloppez votre r\u00e9seau professionnel \u00e0 Montpellier.\",\"breadcrumb\":{\"@id\":\"https:\/\/espaces.ecole-sante-numerique.umontpellier.fr\/alumni\/#breadcrumb\"},\"inLanguage\":\"fr-FR\",\"potentialAction\":[{\"@type\":\"ReadAction\",\"target\":[\"https:\/\/espaces.ecole-sante-numerique.umontpellier.fr\/alumni\/\"]}]},{\"@type\":\"BreadcrumbList\",\"@id\":\"https:\/\/espaces.ecole-sante-numerique.umontpellier.fr\/alumni\/#breadcrumb\",\"itemListElement\":[{\"@type\":\"ListItem\",\"position\":1,\"name\":\"Accueil\",\"item\":\"https:\/\/espaces.ecole-sante-numerique.umontpellier.fr\/alumni\/\"},{\"@type\":\"ListItem\",\"position\":2,\"name\":\"Rechercher un alumni\"}]},{\"@type\":\"WebSite\",\"@id\":\"https:\/\/espaces.ecole-sante-numerique.umontpellier.fr\/alumni\/#website\",\"url\":\"https:\/\/espaces.ecole-sante-numerique.umontpellier.fr\/alumni\/\",\"name\":\"Espace Alumni\",\"description\":\"\",\"potentialAction\":[{\"@type\":\"SearchAction\",\"target\":{\"@type\":\"EntryPoint\",\"urlTemplate\":\"https:\/\/espaces.ecole-sante-numerique.umontpellier.fr\/alumni\/?s={search_term_string}\"},\"query-input\":{\"@type\":\"PropertyValueSpecification\",\"valueRequired\":true,\"valueName\":\"search_term_string\"}}],\"inLanguage\":\"fr-FR\"}]}<\/script>\n<!-- \/ Yoast SEO plugin. -->","yoast_head_json":{"title":"Rechercher un alumni sant\u00e9 num\u00e9rique | Espace Alumni ESNbyUM","description":"Acc\u00e9dez \u00e0 l\u2019annuaire alumni sant\u00e9 num\u00e9rique de l\u2019ESNbyUM. Recherchez d\u2019anciens \u00e9tudiants, \u00e9changez et d\u00e9veloppez votre r\u00e9seau professionnel \u00e0 Montpellier.","robots":{"index":"index","follow":"follow","max-snippet":"max-snippet:-1","max-image-preview":"max-image-preview:large","max-video-preview":"max-video-preview:-1"},"canonical":"https:\/\/espaces.ecole-sante-numerique.umontpellier.fr\/alumni\/","og_locale":"fr_FR","og_type":"article","og_title":"Rechercher un alumni sant\u00e9 num\u00e9rique | Espace Alumni ESNbyUM","og_description":"Acc\u00e9dez \u00e0 l\u2019annuaire alumni sant\u00e9 num\u00e9rique de l\u2019ESNbyUM. Recherchez d\u2019anciens \u00e9tudiants, \u00e9changez et d\u00e9veloppez votre r\u00e9seau professionnel \u00e0 Montpellier.","og_url":"https:\/\/espaces.ecole-sante-numerique.umontpellier.fr\/alumni\/","og_site_name":"Espace Alumni","article_modified_time":"2026-01-28T09:35:05+00:00","twitter_card":"summary_large_image","twitter_misc":{"Dur\u00e9e de lecture estim\u00e9e":"1 minute"},"schema":{"@context":"https:\/\/schema.org","@graph":[{"@type":"WebPage","@id":"https:\/\/espaces.ecole-sante-numerique.umontpellier.fr\/alumni\/","url":"https:\/\/espaces.ecole-sante-numerique.umontpellier.fr\/alumni\/","name":"Rechercher un alumni sant\u00e9 num\u00e9rique | Espace Alumni ESNbyUM","isPartOf":{"@id":"https:\/\/espaces.ecole-sante-numerique.umontpellier.fr\/alumni\/#website"},"datePublished":"2025-06-20T16:42:00+00:00","dateModified":"2026-01-28T09:35:05+00:00","description":"Acc\u00e9dez \u00e0 l\u2019annuaire alumni sant\u00e9 num\u00e9rique de l\u2019ESNbyUM. Recherchez d\u2019anciens \u00e9tudiants, \u00e9changez et d\u00e9veloppez votre r\u00e9seau professionnel \u00e0 Montpellier.","breadcrumb":{"@id":"https:\/\/espaces.ecole-sante-numerique.umontpellier.fr\/alumni\/#breadcrumb"},"inLanguage":"fr-FR","potentialAction":[{"@type":"ReadAction","target":["https:\/\/espaces.ecole-sante-numerique.umontpellier.fr\/alumni\/"]}]},{"@type":"BreadcrumbList","@id":"https:\/\/espaces.ecole-sante-numerique.umontpellier.fr\/alumni\/#breadcrumb","itemListElement":[{"@type":"ListItem","position":1,"name":"Accueil","item":"https:\/\/espaces.ecole-sante-numerique.umontpellier.fr\/alumni\/"},{"@type":"ListItem","position":2,"name":"Rechercher un alumni"}]},{"@type":"WebSite","@id":"https:\/\/espaces.ecole-sante-numerique.umontpellier.fr\/alumni\/#website","url":"https:\/\/espaces.ecole-sante-numerique.umontpellier.fr\/alumni\/","name":"Espace Alumni","description":"","potentialAction":[{"@type":"SearchAction","target":{"@type":"EntryPoint","urlTemplate":"https:\/\/espaces.ecole-sante-numerique.umontpellier.fr\/alumni\/?s={search_term_string}"},"query-input":{"@type":"PropertyValueSpecification","valueRequired":true,"valueName":"search_term_string"}}],"inLanguage":"fr-FR"}]}},"lang":"fr","translations":{"fr":2},"pll_sync_post":[],"_links":{"self":[{"href":"https:\/\/espaces.ecole-sante-numerique.umontpellier.fr\/alumni\/wp-json\/wp\/v2\/pages\/2","targetHints":{"allow":["GET"]}}],"collection":[{"href":"https:\/\/espaces.ecole-sante-numerique.umontpellier.fr\/alumni\/wp-json\/wp\/v2\/pages"}],"about":[{"href":"https:\/\/espaces.ecole-sante-numerique.umontpellier.fr\/alumni\/wp-json\/wp\/v2\/types\/page"}],"author":[{"embeddable":true,"href":"https:\/\/espaces.ecole-sante-numerique.umontpellier.fr\/alumni\/wp-json\/wp\/v2\/users\/1"}],"replies":[{"embeddable":true,"href":"https:\/\/espaces.ecole-sante-numerique.umontpellier.fr\/alumni\/wp-json\/wp\/v2\/comments?post=2"}],"version-history":[{"count":12,"href":"https:\/\/espaces.ecole-sante-numerique.umontpellier.fr\/alumni\/wp-json\/wp\/v2\/pages\/2\/revisions"}],"predecessor-version":[{"id":149,"href":"https:\/\/espaces.ecole-sante-numerique.umontpellier.fr\/alumni\/wp-json\/wp\/v2\/pages\/2\/revisions\/149"}],"wp:attachment":[{"href":"https:\/\/espaces.ecole-sante-numerique.umontpellier.fr\/alumni\/wp-json\/wp\/v2\/media?parent=2"}],"curies":[{"name":"wp","href":"https:\/\/api.w.org\/{rel}","templated":true}]}}